{"id":345,"date":"2026-03-12T20:32:03","date_gmt":"2026-03-12T20:32:03","guid":{"rendered":"https:\/\/isa-reisen.de\/?page_id=345"},"modified":"2026-03-13T07:42:20","modified_gmt":"2026-03-13T07:42:20","slug":"impressum","status":"publish","type":"page","link":"https:\/\/isa-reisen.de\/index.php\/impressum\/","title":{"rendered":"Impressum"},"content":{"rendered":"\t\t<div data-elementor-type=\"wp-page\" data-elementor-id=\"345\" class=\"elementor elementor-345\" data-elementor-post-type=\"page\">\n\t\t\t\t\t\t<section class=\"elementor-section elementor-top-section elementor-element elementor-element-df1da84 elementor-section-boxed elementor-section-height-default elementor-section-height-default\" data-id=\"df1da84\" data-element_type=\"section\" data-e-type=\"section\">\n\t\t\t\t\t\t<div class=\"elementor-container elementor-column-gap-default\">\n\t\t\t\t\t<div class=\"elementor-column elementor-col-100 elementor-top-column elementor-element elementor-element-a8da24c\" data-id=\"a8da24c\" data-element_type=\"column\" data-e-type=\"column\">\n\t\t\t<div class=\"elementor-widget-wrap\">\n\t\t\t\t\t\t\t<\/div>\n\t\t<\/div>\n\t\t\t\t\t<\/div>\n\t\t<\/section>\n\t\t<div class=\"elementor-element elementor-element-24fd726 e-flex e-con-boxed e-con e-parent\" data-id=\"24fd726\" data-element_type=\"container\" data-e-type=\"container\">\n\t\t\t\t\t<div class=\"e-con-inner\">\n\t\t<div class=\"elementor-element elementor-element-a2e8e38 e-con-full e-flex e-con e-child\" data-id=\"a2e8e38\" data-element_type=\"container\" data-e-type=\"container\">\n\t\t\t\t<\/div>\n\t\t<div class=\"elementor-element elementor-element-4b4c899 e-con-full e-flex e-con e-child\" data-id=\"4b4c899\" data-element_type=\"container\" data-e-type=\"container\">\n\t\t\t\t<div class=\"elementor-element elementor-element-69f8dae elementor-widget elementor-widget-text-editor\" data-id=\"69f8dae\" data-element_type=\"widget\" data-e-type=\"widget\" data-widget_type=\"text-editor.default\">\n\t\t\t\t\t\t\t\t\t<p><span style=\"color: #000000;\">Impressum<\/span><\/p>\t\t\t\t\t\t\t\t<\/div>\n\t\t\t\t<\/div>\n\t\t<div class=\"elementor-element elementor-element-56d75b3 e-con-full e-flex e-con e-child\" data-id=\"56d75b3\" data-element_type=\"container\" data-e-type=\"container\">\n\t\t\t\t<\/div>\n\t\t\t\t\t<\/div>\n\t\t\t\t<\/div>\n\t\t<div class=\"elementor-element elementor-element-41a5946 e-flex e-con-boxed e-con e-parent\" data-id=\"41a5946\" data-element_type=\"container\" data-e-type=\"container\">\n\t\t\t\t\t<div class=\"e-con-inner\">\n\t\t<div class=\"elementor-element elementor-element-a87126e e-con-full e-flex e-con e-child\" data-id=\"a87126e\" data-element_type=\"container\" data-e-type=\"container\">\n\t\t\t\t<\/div>\n\t\t<div class=\"elementor-element elementor-element-9fc43a8 e-con-full e-flex e-con e-child\" data-id=\"9fc43a8\" data-element_type=\"container\" data-e-type=\"container\">\n\t\t\t\t<div class=\"elementor-element elementor-element-9901f19 elementor-widget elementor-widget-text-editor\" data-id=\"9901f19\" data-element_type=\"widget\" data-e-type=\"widget\" data-widget_type=\"text-editor.default\">\n\t\t\t\t\t\t\t\t\t<div class=\"tw-container tw-py-64 tw-pb-12 lg:tw-pb-24\"><div class=\"md:tw-max-w-4xl tw-my-24\"><div><span style=\"color: #000000;\">ISA Reisen<\/span><\/div><div><span style=\"color: #000000;\">Deutschland <\/span><br \/><br \/><span style=\"color: #000000;\">Beckstr. 13<\/span><br \/><span style=\"color: #000000;\">90429 N\u00fcrnberg<\/span><\/div><div><div class=\"tw-ml-20 lg:tw-ml-0 tw-text-left mb-12\"><p class=\"!tw-py-[.5rem] first:!tw-pt-0 last:!tw-pb-0\"><span style=\"color: #000000;\">Gesch\u00e4ftsf\u00fchrung<\/span><br \/><br \/><\/p><\/div><\/div><\/div><div class=\"md:tw-max-w-4xl tw-my-24 mt-24\"><div><div class=\"tw-ml-20 lg:tw-ml-0 tw-text-left mb-12\"><p><span style=\"color: #000000;\"><strong>USt-IdNr.<\/strong><span class=\"sender-info-block sender-info-dimmable\">Beantragt<\/span><\/span><\/p><\/div><\/div><\/div><div class=\"md:tw-max-w-4xl tw-my-24 mt-24\"><div><div class=\"tw-ml-20 lg:tw-ml-0 tw-text-left mb-12\"><p class=\"!tw-py-[.5rem] first:!tw-pt-0 last:!tw-pb-0\"><span style=\"color: #000000;\">Sie erreichen die ISA Reisen: <\/span><br \/><span style=\"color: #000000;\">Tel: +49 15147374219<\/span><\/p><\/div><\/div><\/div><div class=\"md:tw-max-w-4xl tw-my-24 mt-24\"><div><span style=\"color: #000000;\">E-Mail:<\/span><\/div><div><div class=\"tw-ml-20 lg:tw-ml-0 tw-text-left\"><p class=\"!tw-py-[.5rem] first:!tw-pt-0 last:!tw-pb-0\"><span style=\"color: #000000;\"><a style=\"color: #000000;\" href=\"mailto:info@isa-reisen.de\">info@isa-reisen.de<\/a><\/span><\/p><\/div><\/div><\/div><\/div><div class=\"tw-container tw-py-64 tw-pt-12 lg:tw-pt-24\"><div class=\"md:tw-max-w-4xl tw-my-24\"><div><span style=\"color: #000000;\">Haftungshinweis:<\/span><\/div><div><div class=\"tw-ml-20 lg:tw-ml-0 tw-text-left mb-12\"><p class=\"!tw-py-[.5rem] first:!tw-pt-0 last:!tw-pb-0\"><span style=\"color: #000000;\">Trotz sorgf\u00e4ltiger inhaltlicher Kontrolle \u00fcbernehmen wir keine Haftung f\u00fcr die Inhalte externer Links. F\u00fcr den Inhalt der verlinkten Seiten sind ausschlie\u00dflich deren Betreiber verantwortlich. S\u00e4mtliche angebotenen Informationen d\u00fcrfen \u2013 auch auszugsweise \u2013 nur mit schriftlicher Genehmigung der Xeon Europe\u00a0 weiterverbreitet oder anderweitig ver\u00f6ffentlicht werden. Die Suchsysteme von SiegerTours\u00a0 d\u00fcrfen nur zu pers\u00f6nlichen Zwecken verwendet werden. Keinesfalls ist es gestattet, die abgerufenen Informationen online oder in anderen Medien weiterzuverbreiten oder kommerziell zu nutzen!<\/span><\/p><\/div><\/div><\/div><div class=\"md:tw-max-w-4xl tw-my-24 mt-24\"><div><span style=\"color: #000000;\">Technische Gesamtrealisation:<\/span><\/div><div><div class=\"tw-ml-20 lg:tw-ml-0 tw-text-left mb-12\"><p class=\"!tw-py-[.5rem] first:!tw-pt-0 last:!tw-pb-0\"><span style=\"color: #000000;\">XeonEurope<\/span><\/p><p class=\"!tw-py-[.5rem] first:!tw-pt-0 last:!tw-pb-0\"><span style=\"color: #000000;\">Website &amp; eCommerce Platforms<\/span><\/p><\/div><\/div><\/div><div class=\"md:tw-max-w-4xl tw-my-24 mt-24\"><div><span style=\"color: #000000;\">Verantwortlich f\u00fcr den Inhalt gem\u00e4\u00df \u00a7 18 Abs. 2 MStV:<\/span><\/div><div><span style=\"color: #000000;\">M.Sieger<\/span><\/div><div>\u00a0<\/div><\/div><div class=\"md:tw-max-w-4xl tw-my-24 mt-24\"><div><span style=\"color: #000000;\">Online-Streitbeilegung:<\/span><\/div><div><div class=\"tw-ml-20 lg:tw-ml-0 tw-text-left mb-12\"><p class=\"!tw-py-[.5rem] first:!tw-pt-0 last:!tw-pb-0\"><span style=\"color: #000000;\">Die Europ\u00e4ische Kommission stellt eine Plattform zur Online-Streitbeilegung (OS) bereit. Die Plattform finden Sie unter <a class=\"tw-outline-none whitespace-nowrap tw-underline tw-font-sans-regular tw-underline-offset-4 tw-text-ionos-blue-700 tw-font-normal tw-text-base tw-decoration-ionos-blue-700 tw-decoration-1 hover:tw-decoration-2 active:tw-border-none active:tw-decoration-1 disabled:tw-text-cool-grey-400 disabled:tw-decoration-cool-grey-400 focus-visible:tw-border-2 focus-visible:tw-rounded-lg focus-visible:tw-underline-offset-2 focus-visible:tw-border-ionos-blue-700 focus-visible:tw-shadow-[#458FFF]\" style=\"color: #000000;\" tabindex=\"-1\" title=\"https:\/\/ec.europa.eu\/consumers\/odr\" href=\"https:\/\/ec.europa.eu\/consumers\/odr\" target=\"_blank\" rel=\"noopener noreferrer\" data-linkid=\"ct.txt.0.https-ec-europa-eu-consumers-odr\" data-onpagelink=\"0\">https:\/\/ec.europa.eu\/consumers\/odr<\/a>. Verbraucher haben die M\u00f6glichkeit, diese Plattform f\u00fcr die Beilegung ihrer Streitigkeiten zu nutzen.<\/span><\/p><\/div><\/div><\/div><div class=\"md:tw-max-w-4xl tw-my-24 mt-24\"><div><span style=\"color: #000000;\">Beilegung von Verbraucherstreitigkeiten:<\/span><\/div><div><div class=\"tw-ml-20 lg:tw-ml-0 tw-text-left\"><p class=\"!tw-py-[.5rem] first:!tw-pt-0 last:!tw-pb-0\"><span style=\"color: #000000;\">Zur Teilnahme an einem Streitbeilegungsverfahren vor einer Verbraucherschlichtungsstelle sind wir nicht verpflichtet und nicht bereit.<\/span><\/p><\/div><\/div><\/div><\/div><div class=\"tw-w-full tw-bg-cool-grey-100 tw-text-cool-grey-700\"><div id=\"dsa\" class=\"tw-container tw-py-64\"><div class=\"tw-w-full tw-text-left\"><div><span style=\"color: #000000;\">Kontaktstellen<\/span><\/div><\/div><div class=\"lg:tw-flex lg:tw-flex-wrap tw--my-8 tw-grid tw-grid-cols-1 md:tw-grid-cols-2\"><div class=\"tw-flex-1 tw-relative tw-flex tw-flex-col tw-p-32 tw-mx-4 tw-rounded-2xl md:tw-my-4 tw-my-12 tw-ml-0 tw-bg-white\"><div class=\"tw-flex tw-flex-col tw-h-full\"><div class=\"tw-flex-grow\"><div class=\"tw-flex tw-flex-col tw-justify-start tw-h-full tw-text-cool-grey-700\"><div class=\"tw-block lg:tw-text-2xl tw-font-overpass-semibold tw-text-2xl tw-text-left tw-font-semibold tw-leading-8 tw-mb-8 tw-text-cool-grey-700\"><div><span style=\"color: #000000;\">Kontaktstelle gem\u00e4\u00df VERORDNUNG (EU) 2021\/784 DES EUROP\u00c4ISCHEN PARLAMENTS UND DES RATES<\/span><\/div><\/div><div><div class=\"tw-sans-regular tw-font-normal tw-text-base tw-text-left tw-leading-6 tw-pb-32 tw-text-cool-grey-700\"><p class=\"!tw-py-[.5rem] first:!tw-pt-0 last:!tw-pb-0\"><span style=\"color: #000000;\">Kommunikationssprachen: Deutsch, Englisch<\/span><\/p><p class=\"!tw-py-[.5rem] first:!tw-pt-0 last:!tw-pb-0\"><span style=\"color: #000000;\">Diese E-Mail-Adresse ist ausschlie\u00dflich f\u00fcr die Kommunikation gem\u00e4\u00df Verordnung (EU) 2021\/784 bestimmt. Andere Anfragen werden nicht bearbeitet und beantwortet.<\/span><\/p><\/div><\/div><div class=\"\">\u00a0<\/div><div class=\"tw-flex tw-flex-auto\">\u00a0<\/div><\/div><\/div><div><div class=\"tw-text-left tw-flex\"><span style=\"color: #000000;\">Email: info@siegertours.com<\/span><\/div><\/div><\/div><\/div><div class=\"tw-flex-1 tw-relative tw-flex tw-flex-col tw-border-solid tw-border-blue-700 tw-p-32 tw-mx-4 tw-rounded-2xl md:tw-my-4 tw-my-12 tw-bg-white\"><div class=\"tw-flex tw-flex-col tw-h-full\"><div class=\"tw-flex-grow\"><div class=\"tw-flex tw-flex-col tw-justify-start tw-h-full tw-text-cool-grey-700\"><div class=\"tw-block lg:tw-text-2xl tw-font-overpass-semibold tw-text-2xl tw-text-left tw-font-semibold tw-leading-8 tw-mb-8 tw-text-cool-grey-700\"><div><span style=\"color: #000000;\">Kontaktstelle f\u00fcr Beh\u00f6rden gem\u00e4\u00df Art. 11 der VERORDNUNG (EU) 2022\/2065 DES EUROP\u00c4ISCHEN PARLAMENTS UND DES RATES<\/span><\/div><\/div><div><div class=\"tw-sans-regular tw-font-normal tw-text-base tw-text-left tw-leading-6 tw-pb-32 tw-text-cool-grey-700\"><p class=\"!tw-py-[.5rem] first:!tw-pt-0 last:!tw-pb-0\"><span style=\"color: #000000;\">Kommunikationssprachen: Deutsch, Englisch<\/span><\/p><p class=\"!tw-py-[.5rem] first:!tw-pt-0 last:!tw-pb-0\"><span style=\"color: #000000;\">Diese E-Mail-Adresse ist ausschlie\u00dflich f\u00fcr Anfragen gem\u00e4\u00df Art. 11 DSA bestimmt. Andere Anfragen werden nicht bearbeitet und beantwortet.<\/span><\/p><\/div><\/div><\/div><\/div><\/div><\/div><div class=\"tw-flex-1 tw-relative tw-flex tw-flex-col tw-p-32 tw-mx-4 tw-rounded-2xl md:tw-my-4 tw-my-12 tw-ml-0 tw-bg-white\"><div class=\"tw-flex tw-flex-col tw-h-full\"><div class=\"tw-flex-grow\"><div class=\"tw-flex tw-flex-col tw-justify-start tw-h-full tw-text-cool-grey-700\"><div class=\"tw-block lg:tw-text-2xl tw-font-overpass-semibold tw-text-2xl tw-text-left tw-font-semibold tw-leading-8 tw-mb-8 tw-text-cool-grey-700\"><div><span style=\"color: #000000;\">Meldeverfahren gem\u00e4\u00df Art. 16 der VERORDNUNG (EU) 2022\/2065 DES EUROP\u00c4ISCHEN PARLAMENTS UND DES RATES<\/span><\/div><\/div><\/div><\/div><\/div><\/div><\/div><\/div><\/div>\t\t\t\t\t\t\t\t<\/div>\n\t\t\t\t<\/div>\n\t\t<div class=\"elementor-element elementor-element-7fe32ee e-con-full e-flex e-con e-child\" data-id=\"7fe32ee\" data-element_type=\"container\" data-e-type=\"container\">\n\t\t\t\t<\/div>\n\t\t\t\t\t<\/div>\n\t\t\t\t<\/div>\n\t\t\t\t<section class=\"elementor-section elementor-top-section elementor-element elementor-element-f9cb9e7 elementor-section-boxed elementor-section-height-default elementor-section-height-default\" data-id=\"f9cb9e7\" data-element_type=\"section\" data-e-type=\"section\" id=\"contact\" data-settings=\"{&quot;background_background&quot;:&quot;classic&quot;}\">\n\t\t\t\t\t\t<div class=\"elementor-container elementor-column-gap-no\">\n\t\t\t\t\t<div class=\"elementor-column elementor-col-100 elementor-top-column elementor-element elementor-element-0cf6734\" data-id=\"0cf6734\" data-element_type=\"column\" data-e-type=\"column\">\n\t\t\t<div class=\"elementor-widget-wrap elementor-element-populated\">\n\t\t\t\t\t\t<div class=\"elementor-element elementor-element-9aad68c elementor-widget elementor-widget-sabah-title\" data-id=\"9aad68c\" data-element_type=\"widget\" data-e-type=\"widget\" data-widget_type=\"sabah-title.default\">\n\t\t\t\t<div class=\"elementor-widget-container\">\n\t\t\t\t\t\n\t\t<div class=\"section-title text-center  wow zoomIn\">\n\t\t\t<div class=\"title_circle_icon\"><\/div>\n\t\t\t<span>Kontakt zu Isa Reisen <\/span>\t\n\t\t\t<h2>Schicken Sie uns eine Nachricht<\/h2>\t\n\t\t<\/div>\n\t\t\t\t<\/div>\n\t\t\t\t<\/div>\n\t\t\t\t<section class=\"elementor-section elementor-inner-section elementor-element elementor-element-28e7689 elementor-section-content-middle elementor-section-boxed elementor-section-height-default elementor-section-height-default elementor-invisible\" data-id=\"28e7689\" data-element_type=\"section\" data-e-type=\"section\" data-settings=\"{&quot;animation&quot;:&quot;fadeIn&quot;}\">\n\t\t\t\t\t\t<div class=\"elementor-container elementor-column-gap-no\">\n\t\t\t\t\t<div class=\"elementor-column elementor-col-50 elementor-inner-column elementor-element elementor-element-da82a30\" data-id=\"da82a30\" data-element_type=\"column\" data-e-type=\"column\" data-settings=\"{&quot;background_background&quot;:&quot;classic&quot;}\">\n\t\t\t<div class=\"elementor-widget-wrap elementor-element-populated\">\n\t\t\t\t\t\t<div class=\"elementor-element elementor-element-86f1c9e elementor-widget elementor-widget-sabah-contact-info\" data-id=\"86f1c9e\" data-element_type=\"widget\" data-e-type=\"widget\" data-widget_type=\"sabah-contact-info.default\">\n\t\t\t\t<div class=\"elementor-widget-container\">\n\t\t\t\t\t\t\t<div class=\"single-contact\">\n\t\t\t<i class=\"ti-mobile\"><\/i>\n\t\t\t<div class=\"con_text\">\n\t\t\t\t<h3>Mobil<\/h3>\n\t\t\t\t<p>\n\t\t\t\t\t+49 15147374219\t\t\t\t<\/p>\n\t\t\t<\/div>\n\t\t<\/div>\t\n\n\t\t\t\t\n\t\t\t\t<\/div>\n\t\t\t\t<\/div>\n\t\t\t\t<div class=\"elementor-element elementor-element-be30e69 elementor-widget elementor-widget-sabah-contact-info\" data-id=\"be30e69\" data-element_type=\"widget\" data-e-type=\"widget\" data-widget_type=\"sabah-contact-info.default\">\n\t\t\t\t<div class=\"elementor-widget-container\">\n\t\t\t\t\t\t\t<div class=\"single-contact\">\n\t\t\t<i class=\"ti-mobile\"><\/i>\n\t\t\t<div class=\"con_text\">\n\t\t\t\t<h3>Technischer Support<\/h3>\n\t\t\t\t<p>\n\t\t\t\t\t+49 15159092548\t\t\t\t<\/p>\n\t\t\t<\/div>\n\t\t<\/div>\t\n\n\t\t\t\t\n\t\t\t\t<\/div>\n\t\t\t\t<\/div>\n\t\t\t\t<div class=\"elementor-element elementor-element-7a24659 elementor-widget elementor-widget-sabah-contact-info\" data-id=\"7a24659\" data-element_type=\"widget\" data-e-type=\"widget\" data-widget_type=\"sabah-contact-info.default\">\n\t\t\t\t<div class=\"elementor-widget-container\">\n\t\t\t\t\t\t\t<div class=\"single-contact\">\n\t\t\t<i class=\"ti-mobile\"><\/i>\n\t\t\t<div class=\"con_text\">\n\t\t\t\t<h3>WhatsAPP<\/h3>\n\t\t\t\t<p>\n\t\t\t\t\t+4915147374219\t\t\t\t<\/p>\n\t\t\t<\/div>\n\t\t<\/div>\t\n\n\t\t\t\t\n\t\t\t\t<\/div>\n\t\t\t\t<\/div>\n\t\t\t\t\t<\/div>\n\t\t<\/div>\n\t\t\t\t<div class=\"elementor-column elementor-col-50 elementor-inner-column elementor-element elementor-element-eecca03\" data-id=\"eecca03\" data-element_type=\"column\" data-e-type=\"column\">\n\t\t\t<div class=\"elementor-widget-wrap elementor-element-populated\">\n\t\t\t\t\t\t<div class=\"elementor-element elementor-element-79415bb elementor-widget elementor-widget-sabah-contact-us\" data-id=\"79415bb\" data-element_type=\"widget\" data-e-type=\"widget\" data-widget_type=\"sabah-contact-us.default\">\n\t\t\t\t<div class=\"elementor-widget-container\">\n\t\t\t\t\t\t\t\n\t\t<div class=\"contact\">\n\t\t\t<div class=\"form\">\n\t\t\t\t\n<div class=\"wpcf7 no-js\" id=\"wpcf7-f175-o1\" lang=\"en-US\" dir=\"ltr\" data-wpcf7-id=\"175\">\n<div class=\"screen-reader-response\"><p role=\"status\" aria-live=\"polite\" aria-atomic=\"true\"><\/p> <ul><\/ul><\/div>\n<form action=\"\/index.php\/wp-json\/wp\/v2\/pages\/345#wpcf7-f175-o1\" method=\"post\" class=\"wpcf7-form init\" aria-label=\"Contact form\" novalidate=\"novalidate\" data-status=\"init\">\n<fieldset class=\"hidden-fields-container\"><input type=\"hidden\" name=\"_wpcf7\" value=\"175\" \/><input type=\"hidden\" name=\"_wpcf7_version\" value=\"6.1.5\" \/><input type=\"hidden\" name=\"_wpcf7_locale\" value=\"en_US\" \/><input type=\"hidden\" name=\"_wpcf7_unit_tag\" value=\"wpcf7-f175-o1\" \/><input type=\"hidden\" name=\"_wpcf7_container_post\" value=\"0\" \/><input type=\"hidden\" name=\"_wpcf7_posted_data_hash\" value=\"\" \/>\n<\/fieldset>\n<div class=\"row\">\n\t<div class=\"form-group col-md-6\">\n\t\t<p><span class=\"wpcf7-form-control-wrap\" data-name=\"text-594\"><input size=\"40\" maxlength=\"400\" class=\"wpcf7-form-control wpcf7-text wpcf7-validates-as-required form-control\" aria-required=\"true\" aria-invalid=\"false\" placeholder=\"Name\" value=\"\" type=\"text\" name=\"text-594\" \/><\/span>\n\t\t<\/p>\n\t<\/div>\n\t<div class=\"form-group col-md-6\">\n\t\t<p><span class=\"wpcf7-form-control-wrap\" data-name=\"email-194\"><input size=\"40\" maxlength=\"400\" class=\"wpcf7-form-control wpcf7-email wpcf7-validates-as-required wpcf7-text wpcf7-validates-as-email form-control\" aria-required=\"true\" aria-invalid=\"false\" placeholder=\"Email\" value=\"\" type=\"email\" name=\"email-194\" \/><\/span>\n\t\t<\/p>\n\t<\/div>\n\t<div class=\"form-group col-md-12\">\n\t\t<p><span class=\"wpcf7-form-control-wrap\" data-name=\"text-599\"><input size=\"40\" maxlength=\"400\" class=\"wpcf7-form-control wpcf7-text wpcf7-validates-as-required form-control\" aria-required=\"true\" aria-invalid=\"false\" placeholder=\"Subject\" value=\"\" type=\"text\" name=\"text-599\" \/><\/span>\n\t\t<\/p>\n\t<\/div>\n\t<div class=\"form-group col-md-12\">\n\t\t<p><span class=\"wpcf7-form-control-wrap\" data-name=\"textarea-112\"><textarea cols=\"40\" rows=\"10\" maxlength=\"2000\" class=\"wpcf7-form-control wpcf7-textarea wpcf7-validates-as-required form-control\" aria-required=\"true\" aria-invalid=\"false\" placeholder=\"Your Message\" name=\"textarea-112\"><\/textarea><\/span>\n\t\t<\/p>\n\t<\/div>\n\t<div class=\"col-12 \">\n\t\t<p><input class=\"wpcf7-form-control wpcf7-submit has-spinner btn btn-contact-bg\" type=\"submit\" value=\"Send Message\" \/>\n\t\t<\/p>\n\t<\/div>\n<\/div><div class=\"wpcf7-response-output\" aria-hidden=\"true\"><\/div>\n<\/form>\n<\/div>\n\t\t\t<\/div>\n\t\t<\/div>\n\t\t\n\t\t\t\t\n\t\t\t\t<\/div>\n\t\t\t\t<\/div>\n\t\t\t\t\t<\/div>\n\t\t<\/div>\n\t\t\t\t\t<\/div>\n\t\t<\/section>\n\t\t\t\t\t<\/div>\n\t\t<\/div>\n\t\t\t\t\t<\/div>\n\t\t<\/section>\n\t\t\t\t<\/div>\n\t\t","protected":false},"excerpt":{"rendered":"<p>Impressum ISA ReisenDeutschland Beckstr. 1390429 N\u00fcrnberg Gesch\u00e4ftsf\u00fchrung USt-IdNr.Beantragt Sie erreichen die ISA Reisen: Tel: +49 15147374219 E-Mail: info@isa-reisen.de Haftungshinweis: Trotz sorgf\u00e4ltiger inhaltlicher Kontrolle \u00fcbernehmen wir keine Haftung f\u00fcr die Inhalte externer Links. F\u00fcr den Inhalt der verlinkten Seiten sind ausschlie\u00dflich deren Betreiber verantwortlich. S\u00e4mtliche angebotenen Informationen d\u00fcrfen \u2013 auch auszugsweise \u2013 nur mit schriftlicher Genehmigung [&hellip;]<\/p>\n","protected":false},"author":1,"featured_media":0,"parent":0,"menu_order":0,"comment_status":"closed","ping_status":"open","template":"page-builder.php","meta":{"_monsterinsights_skip_tracking":false,"_monsterinsights_sitenote_active":false,"_monsterinsights_sitenote_note":"","_monsterinsights_sitenote_category":0,"footnotes":""},"class_list":["post-345","page","type-page","status-publish","hentry"],"aioseo_notices":[],"_links":{"self":[{"href":"https:\/\/isa-reisen.de\/index.php\/wp-json\/wp\/v2\/pages\/345","targetHints":{"allow":["GET"]}}],"collection":[{"href":"https:\/\/isa-reisen.de\/index.php\/wp-json\/wp\/v2\/pages"}],"about":[{"href":"https:\/\/isa-reisen.de\/index.php\/wp-json\/wp\/v2\/types\/page"}],"author":[{"embeddable":true,"href":"https:\/\/isa-reisen.de\/index.php\/wp-json\/wp\/v2\/users\/1"}],"replies":[{"embeddable":true,"href":"https:\/\/isa-reisen.de\/index.php\/wp-json\/wp\/v2\/comments?post=345"}],"version-history":[{"count":7,"href":"https:\/\/isa-reisen.de\/index.php\/wp-json\/wp\/v2\/pages\/345\/revisions"}],"predecessor-version":[{"id":422,"href":"https:\/\/isa-reisen.de\/index.php\/wp-json\/wp\/v2\/pages\/345\/revisions\/422"}],"wp:attachment":[{"href":"https:\/\/isa-reisen.de\/index.php\/wp-json\/wp\/v2\/media?parent=345"}],"curies":[{"name":"wp","href":"https:\/\/api.w.org\/{rel}","templated":true}]}}