{"id":392,"date":"2026-03-13T07:15:52","date_gmt":"2026-03-13T07:15:52","guid":{"rendered":"https:\/\/isa-reisen.de\/?page_id=392"},"modified":"2026-03-13T07:23:56","modified_gmt":"2026-03-13T07:23:56","slug":"ueber-uns","status":"publish","type":"page","link":"https:\/\/isa-reisen.de\/index.php\/ueber-uns\/","title":{"rendered":"ueber uns"},"content":{"rendered":"\t\t<div data-elementor-type=\"wp-page\" data-elementor-id=\"392\" class=\"elementor elementor-392\" data-elementor-post-type=\"page\">\n\t\t\t\t\t\t<section class=\"elementor-section elementor-top-section elementor-element elementor-element-df1da84 elementor-section-boxed elementor-section-height-default elementor-section-height-default\" data-id=\"df1da84\" data-element_type=\"section\" data-e-type=\"section\">\n\t\t\t\t\t\t<div class=\"elementor-container elementor-column-gap-default\">\n\t\t\t\t\t<div class=\"elementor-column elementor-col-100 elementor-top-column elementor-element elementor-element-a8da24c\" data-id=\"a8da24c\" data-element_type=\"column\" data-e-type=\"column\">\n\t\t\t<div class=\"elementor-widget-wrap\">\n\t\t\t\t\t\t\t<\/div>\n\t\t<\/div>\n\t\t\t\t\t<\/div>\n\t\t<\/section>\n\t\t<div class=\"elementor-element elementor-element-0181caf e-flex e-con-boxed e-con e-parent\" data-id=\"0181caf\" data-element_type=\"container\" data-e-type=\"container\">\n\t\t\t\t\t<div class=\"e-con-inner\">\n\t\t<div class=\"elementor-element elementor-element-adef7ab e-con-full e-flex e-con e-child\" data-id=\"adef7ab\" data-element_type=\"container\" data-e-type=\"container\">\n\t\t\t\t<\/div>\n\t\t<div class=\"elementor-element elementor-element-2de3809 e-con-full e-flex e-con e-child\" data-id=\"2de3809\" data-element_type=\"container\" data-e-type=\"container\">\n\t\t\t\t<div class=\"elementor-element elementor-element-fb24aec elementor-widget elementor-widget-text-editor\" data-id=\"fb24aec\" data-element_type=\"widget\" data-e-type=\"widget\" data-widget_type=\"text-editor.default\">\n\t\t\t\t\t\t\t\t\t<p><strong><span style=\"color: #000000;\">\u00dcber uns<\/span><\/strong><\/p>\t\t\t\t\t\t\t\t<\/div>\n\t\t\t\t<div class=\"elementor-element elementor-element-b6c1efc elementor-widget elementor-widget-text-editor\" data-id=\"b6c1efc\" data-element_type=\"widget\" data-e-type=\"widget\" data-widget_type=\"text-editor.default\">\n\t\t\t\t\t\t\t\t\t<p><span style=\"color: #000000;\">ISA Reisen \u2013 Erfahrung, Service und Leidenschaft f\u00fcrs Reisen<\/span><\/p>\t\t\t\t\t\t\t\t<\/div>\n\t\t\t\t<div class=\"elementor-element elementor-element-c9d0972 elementor-widget elementor-widget-text-editor\" data-id=\"c9d0972\" data-element_type=\"widget\" data-e-type=\"widget\" data-widget_type=\"text-editor.default\">\n\t\t\t\t\t\t\t\t\t<p data-start=\"1088\" data-end=\"1286\"><span style=\"color: #000000;\">ISA Reisen steht seit \u00fcber <strong data-start=\"1115\" data-end=\"1127\">5 Jahren<\/strong> f\u00fcr zuverl\u00e4ssige und komfortable Busreisen. Unser Unternehmen wurde mit dem Ziel gegr\u00fcndet, Menschen sicher, bequem und entspannt an ihr Reiseziel zu bringen.<\/span><\/p><p data-start=\"1288\" data-end=\"1445\"><span style=\"color: #000000;\">Mit unserer Erfahrung im Busreiseverkehr wissen wir genau, worauf es unseren G\u00e4sten ankommt: <strong data-start=\"1381\" data-end=\"1444\">P\u00fcnktlichkeit, Sicherheit, Komfort und pers\u00f6nlicher Service<\/strong>.<\/span><\/p><p data-start=\"1447\" data-end=\"1694\"><span style=\"color: #000000;\">Unser Team arbeitet t\u00e4glich daran, jede Fahrt professionell zu planen und unseren Kunden ein angenehmes Reiseerlebnis zu bieten. Dabei legen wir gro\u00dfen Wert auf eine pers\u00f6nliche Betreuung und eine vertrauensvolle Zusammenarbeit mit unseren Kunden.<\/span><\/p><p data-start=\"1696\" data-end=\"1798\"><span style=\"color: #000000;\">Egal ob Vereine, Firmen, Schulen oder private Gruppen \u2013 wir finden f\u00fcr jede Reise die passende L\u00f6sung.<\/span><\/p><p data-start=\"1800\" data-end=\"1841\"><span style=\"color: #000000;\"><strong data-start=\"1800\" data-end=\"1841\">Ihre Zufriedenheit ist unser Antrieb.<\/strong><\/span><\/p>\t\t\t\t\t\t\t\t<\/div>\n\t\t\t\t<\/div>\n\t\t<div class=\"elementor-element elementor-element-1e7c506 e-con-full e-flex e-con e-child\" data-id=\"1e7c506\" data-element_type=\"container\" data-e-type=\"container\">\n\t\t\t\t<\/div>\n\t\t\t\t\t<\/div>\n\t\t\t\t<\/div>\n\t\t<div class=\"elementor-element elementor-element-ca942c0 e-flex e-con-boxed e-con e-parent\" data-id=\"ca942c0\" data-element_type=\"container\" data-e-type=\"container\">\n\t\t\t\t\t<div class=\"e-con-inner\">\n\t\t<div class=\"elementor-element elementor-element-e2a14ed e-con-full e-flex e-con e-child\" data-id=\"e2a14ed\" data-element_type=\"container\" data-e-type=\"container\">\n\t\t\t\t<\/div>\n\t\t<div class=\"elementor-element elementor-element-10c7a24 e-con-full e-flex e-con e-child\" data-id=\"10c7a24\" data-element_type=\"container\" data-e-type=\"container\">\n\t\t\t\t<div class=\"elementor-element elementor-element-a36fae5 elementor-widget elementor-widget-image\" data-id=\"a36fae5\" data-element_type=\"widget\" data-e-type=\"widget\" data-widget_type=\"image.default\">\n\t\t\t\t\t\t\t\t\t\t\t\t\t\t\t<img fetchpriority=\"high\" decoding=\"async\" width=\"640\" height=\"286\" src=\"https:\/\/isa-reisen.de\/wp-content\/uploads\/2026\/03\/20260310_1455541-scaled-e1773343702380-1024x457.jpg\" class=\"attachment-large size-large wp-image-327\" alt=\"\" srcset=\"https:\/\/isa-reisen.de\/wp-content\/uploads\/2026\/03\/20260310_1455541-scaled-e1773343702380-1024x457.jpg 1024w, https:\/\/isa-reisen.de\/wp-content\/uploads\/2026\/03\/20260310_1455541-scaled-e1773343702380-300x134.jpg 300w, https:\/\/isa-reisen.de\/wp-content\/uploads\/2026\/03\/20260310_1455541-scaled-e1773343702380-768x343.jpg 768w, https:\/\/isa-reisen.de\/wp-content\/uploads\/2026\/03\/20260310_1455541-scaled-e1773343702380-1536x686.jpg 1536w, https:\/\/isa-reisen.de\/wp-content\/uploads\/2026\/03\/20260310_1455541-scaled-e1773343702380-2048x914.jpg 2048w\" sizes=\"(max-width: 640px) 100vw, 640px\" \/>\t\t\t\t\t\t\t\t\t\t\t\t\t\t\t<\/div>\n\t\t\t\t<div class=\"elementor-element elementor-element-04655a6 elementor-widget elementor-widget-spacer\" data-id=\"04655a6\" data-element_type=\"widget\" data-e-type=\"widget\" data-widget_type=\"spacer.default\">\n\t\t\t\t\t\t\t<div class=\"elementor-spacer\">\n\t\t\t<div class=\"elementor-spacer-inner\"><\/div>\n\t\t<\/div>\n\t\t\t\t\t\t<\/div>\n\t\t\t\t<\/div>\n\t\t<div class=\"elementor-element elementor-element-0524027 e-con-full e-flex e-con e-child\" data-id=\"0524027\" data-element_type=\"container\" data-e-type=\"container\">\n\t\t\t\t<\/div>\n\t\t\t\t\t<\/div>\n\t\t\t\t<\/div>\n\t\t\t\t<\/div>\n\t\t","protected":false},"excerpt":{"rendered":"<p>\u00dcber uns ISA Reisen \u2013 Erfahrung, Service und Leidenschaft f\u00fcrs Reisen ISA Reisen steht seit \u00fcber 5 Jahren f\u00fcr zuverl\u00e4ssige und komfortable Busreisen. Unser Unternehmen wurde mit dem Ziel gegr\u00fcndet, Menschen sicher, bequem und entspannt an ihr Reiseziel zu bringen. Mit unserer Erfahrung im Busreiseverkehr wissen wir genau, worauf es unseren G\u00e4sten ankommt: P\u00fcnktlichkeit, Sicherheit, [&hellip;]<\/p>\n","protected":false},"author":1,"featured_media":0,"parent":0,"menu_order":0,"comment_status":"closed","ping_status":"closed","template":"page-builder.php","meta":{"_monsterinsights_skip_tracking":false,"_monsterinsights_sitenote_active":false,"_monsterinsights_sitenote_note":"","_monsterinsights_sitenote_category":0,"footnotes":""},"class_list":["post-392","page","type-page","status-publish","hentry"],"aioseo_notices":[],"_links":{"self":[{"href":"https:\/\/isa-reisen.de\/index.php\/wp-json\/wp\/v2\/pages\/392","targetHints":{"allow":["GET"]}}],"collection":[{"href":"https:\/\/isa-reisen.de\/index.php\/wp-json\/wp\/v2\/pages"}],"about":[{"href":"https:\/\/isa-reisen.de\/index.php\/wp-json\/wp\/v2\/types\/page"}],"author":[{"embeddable":true,"href":"https:\/\/isa-reisen.de\/index.php\/wp-json\/wp\/v2\/users\/1"}],"replies":[{"embeddable":true,"href":"https:\/\/isa-reisen.de\/index.php\/wp-json\/wp\/v2\/comments?post=392"}],"version-history":[{"count":10,"href":"https:\/\/isa-reisen.de\/index.php\/wp-json\/wp\/v2\/pages\/392\/revisions"}],"predecessor-version":[{"id":407,"href":"https:\/\/isa-reisen.de\/index.php\/wp-json\/wp\/v2\/pages\/392\/revisions\/407"}],"wp:attachment":[{"href":"https:\/\/isa-reisen.de\/index.php\/wp-json\/wp\/v2\/media?parent=392"}],"curies":[{"name":"wp","href":"https:\/\/api.w.org\/{rel}","templated":true}]}}