{"id":408,"date":"2026-03-13T07:27:06","date_gmt":"2026-03-13T07:27:06","guid":{"rendered":"https:\/\/isa-reisen.de\/?page_id=408"},"modified":"2026-03-13T07:32:26","modified_gmt":"2026-03-13T07:32:26","slug":"datenschutz","status":"publish","type":"page","link":"https:\/\/isa-reisen.de\/index.php\/datenschutz\/","title":{"rendered":"Datenschutz"},"content":{"rendered":"\t\t<div data-elementor-type=\"wp-page\" data-elementor-id=\"408\" class=\"elementor elementor-408\" data-elementor-post-type=\"page\">\n\t\t\t\t\t\t<section class=\"elementor-section elementor-top-section elementor-element elementor-element-df1da84 elementor-section-boxed elementor-section-height-default elementor-section-height-default\" data-id=\"df1da84\" data-element_type=\"section\" data-e-type=\"section\">\n\t\t\t\t\t\t<div class=\"elementor-container elementor-column-gap-default\">\n\t\t\t\t\t<div class=\"elementor-column elementor-col-100 elementor-top-column elementor-element elementor-element-a8da24c\" data-id=\"a8da24c\" data-element_type=\"column\" data-e-type=\"column\">\n\t\t\t<div class=\"elementor-widget-wrap\">\n\t\t\t\t\t\t\t<\/div>\n\t\t<\/div>\n\t\t\t\t\t<\/div>\n\t\t<\/section>\n\t\t<div class=\"elementor-element elementor-element-0181caf e-flex e-con-boxed e-con e-parent\" data-id=\"0181caf\" data-element_type=\"container\" data-e-type=\"container\">\n\t\t\t\t\t<div class=\"e-con-inner\">\n\t\t<div class=\"elementor-element elementor-element-adef7ab e-con-full e-flex e-con e-child\" data-id=\"adef7ab\" data-element_type=\"container\" data-e-type=\"container\">\n\t\t\t\t<\/div>\n\t\t<div class=\"elementor-element elementor-element-2de3809 e-con-full e-flex e-con e-child\" data-id=\"2de3809\" data-element_type=\"container\" data-e-type=\"container\">\n\t\t\t\t<div class=\"elementor-element elementor-element-c9d0972 elementor-widget elementor-widget-text-editor\" data-id=\"c9d0972\" data-element_type=\"widget\" data-e-type=\"widget\" data-widget_type=\"text-editor.default\">\n\t\t\t\t\t\t\t\t\t<h1>Datenschutzerkl\u00e4rung<\/h1><p>\u00a0<\/p>\t\t\t\t\t\t\t\t<\/div>\n\t\t\t\t<div class=\"elementor-element elementor-element-8f0cfe2 elementor-widget elementor-widget-text-editor\" data-id=\"8f0cfe2\" data-element_type=\"widget\" data-e-type=\"widget\" data-widget_type=\"text-editor.default\">\n\t\t\t\t\t\t\t\t\t<h2>1. Datenschutz auf einen Blick<\/h2><p>Der Schutz Ihrer pers\u00f6nlichen Daten ist uns ein wichtiges Anliegen. Wir behandeln Ihre personenbezogenen Daten vertraulich und entsprechend den gesetzlichen Datenschutzvorschriften sowie dieser Datenschutzerkl\u00e4rung.<\/p><p>Wenn Sie unsere Website besuchen, werden verschiedene personenbezogene Daten erhoben. Personenbezogene Daten sind Daten, mit denen Sie pers\u00f6nlich identifiziert werden k\u00f6nnen.<\/p><p>Die vorliegende Datenschutzerkl\u00e4rung erl\u00e4utert, welche Daten wir erheben und wof\u00fcr wir sie nutzen.<\/p><hr \/><h2>2. Verantwortliche Stelle<\/h2><p>Verantwortlich f\u00fcr die Datenverarbeitung auf dieser Website ist:<\/p><p><strong>ISA Reisen<\/strong><br \/>Beckstr. 13<br \/>90429 N\u00fcrnberg<br \/>Deutschland<\/p><p>Gesch\u00e4ftsf\u00fchrung: ISA Reisen<\/p><p>Telefon: +49 151 47374219<br \/>E-Mail: <a href=\"mailto:info@isa-reisen.de\">info@isa-reisen.de<\/a><br \/>Website: isa-reisen.de<\/p><p>Die verantwortliche Stelle entscheidet allein oder gemeinsam mit anderen \u00fcber die Zwecke und Mittel der Verarbeitung von personenbezogenen Daten.<\/p><hr \/><h2>3. Datenschutzbeauftragter<\/h2><p>Unser externer Datenschutzbeauftragter ist:<\/p><p><strong>XeonEurope Deutschland<\/strong><br \/>Bienweg 9<br \/>90425 N\u00fcrnberg<br \/>Deutschland<\/p><p>Website: xeoneurope.com<\/p><p>Bei Fragen zum Datenschutz oder zur Verarbeitung Ihrer personenbezogenen Daten k\u00f6nnen Sie sich jederzeit an unseren Datenschutzbeauftragten wenden.<\/p><hr \/><h2>4. Datenerfassung auf unserer Website<\/h2><h3>Server-Log-Dateien<\/h3><p>Der Provider der Seiten erhebt und speichert automatisch Informationen in sogenannten Server-Log-Dateien, die Ihr Browser automatisch an uns \u00fcbermittelt.<\/p><p>Dies sind beispielsweise:<\/p><ul><li><p>IP-Adresse<\/p><\/li><li><p>Datum und Uhrzeit der Serveranfrage<\/p><\/li><li><p>Browsertyp und Browserversion<\/p><\/li><li><p>verwendetes Betriebssystem<\/p><\/li><li><p>Referrer URL<\/p><\/li><li><p>Hostname des zugreifenden Rechners<\/p><\/li><\/ul><p>Diese Daten werden nicht mit anderen Datenquellen zusammengef\u00fchrt.<\/p><p>Die Erfassung dieser Daten erfolgt auf Grundlage von Art. 6 Abs. 1 lit. f DSGVO.<\/p><hr \/><h2>5. Kontaktaufnahme<\/h2><p>Wenn Sie uns per E-Mail oder \u00fcber ein Kontaktformular kontaktieren, werden Ihre Angaben inklusive der von Ihnen angegebenen Kontaktdaten zum Zweck der Bearbeitung Ihrer Anfrage gespeichert.<\/p><p>Diese Daten geben wir nicht ohne Ihre Einwilligung weiter.<\/p><p>Die Verarbeitung der Daten erfolgt gem\u00e4\u00df Art. 6 Abs. 1 lit. b DSGVO, sofern Ihre Anfrage mit der Erf\u00fcllung eines Vertrags zusammenh\u00e4ngt.<\/p><hr \/><h2>6. Verwendung von Cookies<\/h2><p>Unsere Website verwendet sogenannte Cookies. Cookies sind kleine Textdateien, die auf Ihrem Endger\u00e4t gespeichert werden.<\/p><p>Sie richten auf Ihrem Ger\u00e4t keinen Schaden an und enthalten keine Viren.<\/p><p>Cookies dienen dazu, unser Angebot nutzerfreundlicher, effektiver und sicherer zu machen.<\/p><p>Sie k\u00f6nnen Ihren Browser so einstellen, dass Sie \u00fcber das Setzen von Cookies informiert werden und Cookies nur im Einzelfall erlauben.<\/p><hr \/><h2>7. SSL- bzw. TLS-Verschl\u00fcsselung<\/h2><p>Diese Seite nutzt aus Sicherheitsgr\u00fcnden und zum Schutz der \u00dcbertragung vertraulicher Inhalte eine SSL- bzw. TLS-Verschl\u00fcsselung.<\/p><p>Eine verschl\u00fcsselte Verbindung erkennen Sie daran, dass die Adresszeile des Browsers von <strong>http:\/\/<\/strong> auf <strong>https:\/\/<\/strong> wechselt und an dem Schloss-Symbol in Ihrer Browserzeile.<\/p><hr \/><h2>8. Ihre Rechte<\/h2><p>Sie haben jederzeit das Recht auf:<\/p><ul><li><p>Auskunft \u00fcber Ihre gespeicherten personenbezogenen Daten<\/p><\/li><li><p>Berichtigung unrichtiger Daten<\/p><\/li><li><p>L\u00f6schung Ihrer Daten<\/p><\/li><li><p>Einschr\u00e4nkung der Verarbeitung<\/p><\/li><li><p>Daten\u00fcbertragbarkeit<\/p><\/li><li><p>Widerruf einer Einwilligung<\/p><\/li><\/ul><p>Hierzu k\u00f6nnen Sie sich jederzeit an uns oder unseren Datenschutzbeauftragten wenden.<\/p><hr \/><h2>9. Beschwerderecht bei der Aufsichtsbeh\u00f6rde<\/h2><p>Im Falle datenschutzrechtlicher Verst\u00f6\u00dfe steht Betroffenen ein Beschwerderecht bei einer Datenschutzaufsichtsbeh\u00f6rde zu.<\/p><p>Die zust\u00e4ndige Aufsichtsbeh\u00f6rde richtet sich nach dem Bundesland des Unternehmenssitzes.<\/p><hr \/><h2>10. Aktualit\u00e4t und \u00c4nderung dieser Datenschutzerkl\u00e4rung<\/h2><p>Wir behalten uns vor, diese Datenschutzerkl\u00e4rung anzupassen, damit sie stets den aktuellen rechtlichen Anforderungen entspricht oder um \u00c4nderungen unserer Leistungen umzusetzen.<\/p><p>F\u00fcr Ihren erneuten Besuch gilt dann die jeweils aktuelle Datenschutzerkl\u00e4rung.<\/p><hr \/><p>\u00a0<\/p>\t\t\t\t\t\t\t\t<\/div>\n\t\t\t\t<\/div>\n\t\t<div class=\"elementor-element elementor-element-1e7c506 e-con-full e-flex e-con e-child\" data-id=\"1e7c506\" data-element_type=\"container\" data-e-type=\"container\">\n\t\t\t\t<\/div>\n\t\t\t\t\t<\/div>\n\t\t\t\t<\/div>\n\t\t<div class=\"elementor-element elementor-element-80af89c e-flex e-con-boxed e-con e-parent\" data-id=\"80af89c\" data-element_type=\"container\" data-e-type=\"container\">\n\t\t\t\t\t<div class=\"e-con-inner\">\n\t\t<div class=\"elementor-element elementor-element-af035f7 e-con-full e-flex e-con e-child\" data-id=\"af035f7\" data-element_type=\"container\" data-e-type=\"container\">\n\t\t\t\t<div class=\"elementor-element elementor-element-8bdada9 elementor-widget elementor-widget-image\" data-id=\"8bdada9\" data-element_type=\"widget\" data-e-type=\"widget\" data-widget_type=\"image.default\">\n\t\t\t\t\t\t\t\t\t\t\t\t\t\t\t<img fetchpriority=\"high\" decoding=\"async\" width=\"640\" height=\"296\" src=\"https:\/\/isa-reisen.de\/wp-content\/uploads\/2026\/03\/20260310_150113-1024x473.jpg\" class=\"attachment-large size-large wp-image-336\" alt=\"\" srcset=\"https:\/\/isa-reisen.de\/wp-content\/uploads\/2026\/03\/20260310_150113-1024x473.jpg 1024w, https:\/\/isa-reisen.de\/wp-content\/uploads\/2026\/03\/20260310_150113-300x139.jpg 300w, https:\/\/isa-reisen.de\/wp-content\/uploads\/2026\/03\/20260310_150113-768x355.jpg 768w, https:\/\/isa-reisen.de\/wp-content\/uploads\/2026\/03\/20260310_150113-1536x710.jpg 1536w, https:\/\/isa-reisen.de\/wp-content\/uploads\/2026\/03\/20260310_150113-2048x946.jpg 2048w\" sizes=\"(max-width: 640px) 100vw, 640px\" \/>\t\t\t\t\t\t\t\t\t\t\t\t\t\t\t<\/div>\n\t\t\t\t<\/div>\n\t\t<div class=\"elementor-element elementor-element-0ef4b2f e-con-full e-flex e-con e-child\" data-id=\"0ef4b2f\" data-element_type=\"container\" data-e-type=\"container\">\n\t\t\t\t<div class=\"elementor-element elementor-element-52cc972 elementor-widget elementor-widget-image\" data-id=\"52cc972\" data-element_type=\"widget\" data-e-type=\"widget\" data-widget_type=\"image.default\">\n\t\t\t\t\t\t\t\t\t\t\t\t\t\t\t<img decoding=\"async\" width=\"640\" height=\"296\" src=\"https:\/\/isa-reisen.de\/wp-content\/uploads\/2026\/03\/20260310_145921-1024x473.jpg\" class=\"attachment-large size-large wp-image-332\" alt=\"\" srcset=\"https:\/\/isa-reisen.de\/wp-content\/uploads\/2026\/03\/20260310_145921-1024x473.jpg 1024w, https:\/\/isa-reisen.de\/wp-content\/uploads\/2026\/03\/20260310_145921-300x139.jpg 300w, https:\/\/isa-reisen.de\/wp-content\/uploads\/2026\/03\/20260310_145921-768x355.jpg 768w, https:\/\/isa-reisen.de\/wp-content\/uploads\/2026\/03\/20260310_145921-1536x710.jpg 1536w, https:\/\/isa-reisen.de\/wp-content\/uploads\/2026\/03\/20260310_145921-2048x946.jpg 2048w\" sizes=\"(max-width: 640px) 100vw, 640px\" \/>\t\t\t\t\t\t\t\t\t\t\t\t\t\t\t<\/div>\n\t\t\t\t<\/div>\n\t\t<div class=\"elementor-element elementor-element-c832104 e-con-full e-flex e-con e-child\" data-id=\"c832104\" data-element_type=\"container\" data-e-type=\"container\">\n\t\t\t\t<div class=\"elementor-element elementor-element-fd01c03 elementor-widget elementor-widget-image\" data-id=\"fd01c03\" data-element_type=\"widget\" data-e-type=\"widget\" data-widget_type=\"image.default\">\n\t\t\t\t\t\t\t\t\t\t\t\t\t\t\t<img decoding=\"async\" width=\"640\" height=\"296\" src=\"https:\/\/isa-reisen.de\/wp-content\/uploads\/2026\/03\/20260310_130513-1024x473.jpg\" class=\"attachment-large size-large wp-image-322\" alt=\"\" srcset=\"https:\/\/isa-reisen.de\/wp-content\/uploads\/2026\/03\/20260310_130513-1024x473.jpg 1024w, https:\/\/isa-reisen.de\/wp-content\/uploads\/2026\/03\/20260310_130513-300x139.jpg 300w, https:\/\/isa-reisen.de\/wp-content\/uploads\/2026\/03\/20260310_130513-768x355.jpg 768w, https:\/\/isa-reisen.de\/wp-content\/uploads\/2026\/03\/20260310_130513-1536x709.jpg 1536w, https:\/\/isa-reisen.de\/wp-content\/uploads\/2026\/03\/20260310_130513-2048x946.jpg 2048w\" sizes=\"(max-width: 640px) 100vw, 640px\" \/>\t\t\t\t\t\t\t\t\t\t\t\t\t\t\t<\/div>\n\t\t\t\t<\/div>\n\t\t<div class=\"elementor-element elementor-element-6d82183 e-con-full e-flex e-con e-child\" data-id=\"6d82183\" data-element_type=\"container\" data-e-type=\"container\">\n\t\t\t\t<div class=\"elementor-element elementor-element-64e83f4 elementor-widget elementor-widget-image\" data-id=\"64e83f4\" data-element_type=\"widget\" data-e-type=\"widget\" data-widget_type=\"image.default\">\n\t\t\t\t\t\t\t\t\t\t\t\t\t\t\t<img loading=\"lazy\" decoding=\"async\" width=\"640\" height=\"296\" src=\"https:\/\/isa-reisen.de\/wp-content\/uploads\/2026\/03\/20260310_145526-1024x473.jpg\" class=\"attachment-large size-large wp-image-326\" alt=\"\" srcset=\"https:\/\/isa-reisen.de\/wp-content\/uploads\/2026\/03\/20260310_145526-1024x473.jpg 1024w, https:\/\/isa-reisen.de\/wp-content\/uploads\/2026\/03\/20260310_145526-300x139.jpg 300w, https:\/\/isa-reisen.de\/wp-content\/uploads\/2026\/03\/20260310_145526-768x355.jpg 768w, https:\/\/isa-reisen.de\/wp-content\/uploads\/2026\/03\/20260310_145526-1536x710.jpg 1536w, https:\/\/isa-reisen.de\/wp-content\/uploads\/2026\/03\/20260310_145526-2048x946.jpg 2048w\" sizes=\"(max-width: 640px) 100vw, 640px\" \/>\t\t\t\t\t\t\t\t\t\t\t\t\t\t\t<\/div>\n\t\t\t\t<\/div>\n\t\t\t\t\t<\/div>\n\t\t\t\t<\/div>\n\t\t\t\t<\/div>\n\t\t","protected":false},"excerpt":{"rendered":"<p>Datenschutzerkl\u00e4rung \u00a0 1. Datenschutz auf einen Blick Der Schutz Ihrer pers\u00f6nlichen Daten ist uns ein wichtiges Anliegen. Wir behandeln Ihre personenbezogenen Daten vertraulich und entsprechend den gesetzlichen Datenschutzvorschriften sowie dieser Datenschutzerkl\u00e4rung. Wenn Sie unsere Website besuchen, werden verschiedene personenbezogene Daten erhoben. Personenbezogene Daten sind Daten, mit denen Sie pers\u00f6nlich identifiziert werden k\u00f6nnen. Die vorliegende Datenschutzerkl\u00e4rung [&hellip;]<\/p>\n","protected":false},"author":1,"featured_media":0,"parent":0,"menu_order":0,"comment_status":"closed","ping_status":"open","template":"page-builder.php","meta":{"_monsterinsights_skip_tracking":false,"_monsterinsights_sitenote_active":false,"_monsterinsights_sitenote_note":"","_monsterinsights_sitenote_category":0,"footnotes":""},"class_list":["post-408","page","type-page","status-publish","hentry"],"aioseo_notices":[],"_links":{"self":[{"href":"https:\/\/isa-reisen.de\/index.php\/wp-json\/wp\/v2\/pages\/408","targetHints":{"allow":["GET"]}}],"collection":[{"href":"https:\/\/isa-reisen.de\/index.php\/wp-json\/wp\/v2\/pages"}],"about":[{"href":"https:\/\/isa-reisen.de\/index.php\/wp-json\/wp\/v2\/types\/page"}],"author":[{"embeddable":true,"href":"https:\/\/isa-reisen.de\/index.php\/wp-json\/wp\/v2\/users\/1"}],"replies":[{"embeddable":true,"href":"https:\/\/isa-reisen.de\/index.php\/wp-json\/wp\/v2\/comments?post=408"}],"version-history":[{"count":4,"href":"https:\/\/isa-reisen.de\/index.php\/wp-json\/wp\/v2\/pages\/408\/revisions"}],"predecessor-version":[{"id":412,"href":"https:\/\/isa-reisen.de\/index.php\/wp-json\/wp\/v2\/pages\/408\/revisions\/412"}],"wp:attachment":[{"href":"https:\/\/isa-reisen.de\/index.php\/wp-json\/wp\/v2\/media?parent=408"}],"curies":[{"name":"wp","href":"https:\/\/api.w.org\/{rel}","templated":true}]}}