{"id":414,"date":"2026-03-13T07:35:34","date_gmt":"2026-03-13T07:35:34","guid":{"rendered":"https:\/\/isa-reisen.de\/?page_id=414"},"modified":"2026-03-13T07:38:06","modified_gmt":"2026-03-13T07:38:06","slug":"agb","status":"publish","type":"page","link":"https:\/\/isa-reisen.de\/index.php\/agb\/","title":{"rendered":"AGB"},"content":{"rendered":"\t\t<div data-elementor-type=\"wp-page\" data-elementor-id=\"414\" class=\"elementor elementor-414\" data-elementor-post-type=\"page\">\n\t\t\t\t\t\t<section class=\"elementor-section elementor-top-section elementor-element elementor-element-df1da84 elementor-section-boxed elementor-section-height-default elementor-section-height-default\" data-id=\"df1da84\" data-element_type=\"section\" data-e-type=\"section\">\n\t\t\t\t\t\t<div class=\"elementor-container elementor-column-gap-default\">\n\t\t\t\t\t<div class=\"elementor-column elementor-col-100 elementor-top-column elementor-element elementor-element-a8da24c\" data-id=\"a8da24c\" data-element_type=\"column\" data-e-type=\"column\">\n\t\t\t<div class=\"elementor-widget-wrap\">\n\t\t\t\t\t\t\t<\/div>\n\t\t<\/div>\n\t\t\t\t\t<\/div>\n\t\t<\/section>\n\t\t<div class=\"elementor-element elementor-element-0181caf e-flex e-con-boxed e-con e-parent\" data-id=\"0181caf\" data-element_type=\"container\" data-e-type=\"container\">\n\t\t\t\t\t<div class=\"e-con-inner\">\n\t\t<div class=\"elementor-element elementor-element-adef7ab e-con-full e-flex e-con e-child\" data-id=\"adef7ab\" data-element_type=\"container\" data-e-type=\"container\">\n\t\t\t\t<\/div>\n\t\t<div class=\"elementor-element elementor-element-2de3809 e-con-full e-flex e-con e-child\" data-id=\"2de3809\" data-element_type=\"container\" data-e-type=\"container\">\n\t\t\t\t<div class=\"elementor-element elementor-element-85ee65c elementor-widget elementor-widget-text-editor\" data-id=\"85ee65c\" data-element_type=\"widget\" data-e-type=\"widget\" data-widget_type=\"text-editor.default\">\n\t\t\t\t\t\t\t\t\t<p>\u00a0<\/p><p><strong><span style=\"color: #000000;\">Allgemeine Gesch\u00e4ftsbedingungen (AGB) \/ Bef\u00f6rderungsbedingungen<\/span><\/strong><\/p>\t\t\t\t\t\t\t\t<\/div>\n\t\t\t\t<div class=\"elementor-element elementor-element-c9d0972 elementor-widget elementor-widget-text-editor\" data-id=\"c9d0972\" data-element_type=\"widget\" data-e-type=\"widget\" data-widget_type=\"text-editor.default\">\n\t\t\t\t\t\t\t\t\t<p><span style=\"color: #000000;\">ISA Reisen<\/span><br \/><br \/><\/p><p><span style=\"color: #000000;\">1. Geltungsbereich<\/span><\/p><p><span style=\"color: #000000;\">Diese Allgemeinen Gesch\u00e4ftsbedingungen (AGB) gelten f\u00fcr alle Vertr\u00e4ge \u00fcber Busreisen, Bef\u00f6rderungsleistungen und sonstige Dienstleistungen zwischen <strong>ISA Reisen<\/strong> und dem Kunden.<\/span><\/p><p><span style=\"color: #000000;\">Mit der Buchung einer Reise oder Bef\u00f6rderungsleistung erkennt der Kunde diese Bedingungen an.<\/span><\/p><hr \/><p><span style=\"color: #000000;\">2. Vertragsabschluss<\/span><\/p><p><span style=\"color: #000000;\">Der Vertrag zwischen dem Kunden und ISA Reisen kommt zustande, sobald eine Buchung m\u00fcndlich, telefonisch, schriftlich oder \u00fcber elektronische Medien best\u00e4tigt wird.<\/span><\/p><p><span style=\"color: #000000;\">Mit der Buchung verpflichtet sich der Kunde zur Zahlung des vereinbarten Reisepreises.<\/span><\/p><hr \/><p><span style=\"color: #000000;\">3. Leistungen<\/span><\/p><p><span style=\"color: #000000;\">Der Umfang der vertraglichen Leistungen ergibt sich aus der jeweiligen Leistungsbeschreibung, dem Angebot oder der Buchungsbest\u00e4tigung.<\/span><\/p><p><span style=\"color: #000000;\">\u00c4nderungen oder Nebenabreden bed\u00fcrfen der schriftlichen Best\u00e4tigung durch ISA Reisen.<\/span><\/p><hr \/><p><span style=\"color: #000000;\">4. Preise und Zahlung<\/span><\/p><p><span style=\"color: #000000;\">Die vereinbarten Preise ergeben sich aus dem jeweiligen Angebot oder der Buchungsbest\u00e4tigung.<\/span><\/p><p><span style=\"color: #000000;\">Sofern nicht anders vereinbart, gelten folgende Zahlungsbedingungen:<\/span><\/p><ul><li><p><span style=\"color: #000000;\">Eine Anzahlung kann bei Vertragsabschluss verlangt werden.<\/span><\/p><\/li><li><p><span style=\"color: #000000;\">Der Restbetrag ist sp\u00e4testens vor Reisebeginn zu zahlen.<\/span><\/p><\/li><li><p><span style=\"color: #000000;\">Bei kurzfristigen Buchungen kann der Gesamtbetrag sofort f\u00e4llig sein.<\/span><\/p><\/li><\/ul><hr \/><p><span style=\"color: #000000;\">5. R\u00fccktritt durch den Kunden<\/span><\/p><p><span style=\"color: #000000;\">Der Kunde kann jederzeit vor Reisebeginn vom Vertrag zur\u00fccktreten.<\/span><\/p><p><span style=\"color: #000000;\">Im Falle eines R\u00fccktritts kann ISA Reisen eine angemessene Entsch\u00e4digung verlangen. Diese richtet sich nach dem Zeitpunkt des R\u00fccktritts und den bereits entstandenen Kosten.<\/span><\/p><p><span style=\"color: #000000;\">Bereits entstandene Kosten wie Hotelbuchungen, Tickets oder sonstige Leistungen k\u00f6nnen dem Kunden in Rechnung gestellt werden.<\/span><\/p><hr \/><p><span style=\"color: #000000;\">6. R\u00fccktritt oder \u00c4nderung durch ISA Reisen<\/span><\/p><p><span style=\"color: #000000;\">ISA Reisen beh\u00e4lt sich das Recht vor, Reisen aus wichtigen Gr\u00fcnden zu \u00e4ndern oder abzusagen.<\/span><\/p><p><span style=\"color: #000000;\">Dies kann beispielsweise bei folgenden Umst\u00e4nden erfolgen:<\/span><\/p><ul><li><p><span style=\"color: #000000;\">h\u00f6here Gewalt<\/span><\/p><\/li><li><p><span style=\"color: #000000;\">extreme Witterungsbedingungen<\/span><\/p><\/li><li><p><span style=\"color: #000000;\">technische Probleme<\/span><\/p><\/li><li><p><span style=\"color: #000000;\">unvorhersehbare Ereignisse<\/span><\/p><\/li><\/ul><p><span style=\"color: #000000;\">In solchen F\u00e4llen wird der Kunde umgehend informiert.<\/span><\/p><hr \/><p><span style=\"color: #000000;\">7. Pflichten der Fahrg\u00e4ste<\/span><\/p><p><span style=\"color: #000000;\">Alle Fahrg\u00e4ste sind verpflichtet, sich w\u00e4hrend der Fahrt so zu verhalten, dass die Sicherheit und Ordnung des Fahrbetriebs nicht beeintr\u00e4chtigt werden.<\/span><\/p><p><span style=\"color: #000000;\">Insbesondere gilt:<\/span><\/p><ul><li><p><span style=\"color: #000000;\">den Anweisungen des Fahrpersonals ist Folge zu leisten<\/span><\/p><\/li><li><p><span style=\"color: #000000;\">das Anschnallen ist Pflicht, sofern Sicherheitsgurte vorhanden sind<\/span><\/p><\/li><li><p><span style=\"color: #000000;\">Besch\u00e4digungen im Fahrzeug sind zu vermeiden<\/span><\/p><\/li><\/ul><p><span style=\"color: #000000;\">Bei groben Verst\u00f6\u00dfen kann der Fahrgast von der Bef\u00f6rderung ausgeschlossen werden.<\/span><\/p><hr \/><p><span style=\"color: #000000;\">8. Gep\u00e4ck<\/span><\/p><p><span style=\"color: #000000;\">Jeder Fahrgast darf Gep\u00e4ck im \u00fcblichen Umfang mitf\u00fchren.<\/span><\/p><p><span style=\"color: #000000;\">F\u00fcr Gep\u00e4ckst\u00fccke wird keine Haftung \u00fcbernommen, au\u00dfer bei vors\u00e4tzlichem oder grob fahrl\u00e4ssigem Verhalten durch ISA Reisen.<\/span><\/p><p><span style=\"color: #000000;\">Wertgegenst\u00e4nde sollten grunds\u00e4tzlich im Handgep\u00e4ck mitgef\u00fchrt werden.<\/span><\/p><hr \/><p><span style=\"color: #000000;\">9. Haftung<\/span><\/p><p><span style=\"color: #000000;\">ISA Reisen haftet im Rahmen der gesetzlichen Vorschriften.<\/span><\/p><p><span style=\"color: #000000;\">Eine Haftung f\u00fcr Versp\u00e4tungen, Verkehrsbehinderungen oder Ereignisse au\u00dferhalb unseres Einflussbereichs kann nicht \u00fcbernommen werden.<\/span><\/p><hr \/><p><span style=\"color: #000000;\">10. Datenschutz<\/span><\/p><p><span style=\"color: #000000;\">Die Verarbeitung personenbezogener Daten erfolgt gem\u00e4\u00df den geltenden Datenschutzbestimmungen sowie unserer Datenschutzerkl\u00e4rung.<\/span><\/p><hr \/><p><span style=\"color: #000000;\">11. Gerichtsstand<\/span><\/p><p><span style=\"color: #000000;\">Gerichtsstand f\u00fcr alle Streitigkeiten aus dem Vertragsverh\u00e4ltnis ist, soweit gesetzlich zul\u00e4ssig, der Sitz des Unternehmens.<\/span><\/p><hr \/><p><span style=\"color: #000000;\">12. Schlussbestimmungen<\/span><\/p><p><span style=\"color: #000000;\">Sollte eine Bestimmung dieser AGB ganz oder teilweise unwirksam sein, bleibt die Wirksamkeit der \u00fcbrigen Bestimmungen unber\u00fchrt.<\/span><\/p><hr \/><p><span style=\"color: #000000;\">Anbieter<\/span><\/p><p><span style=\"color: #000000;\"><strong>ISA Reisen<\/strong><\/span><br \/><span style=\"color: #000000;\">Beckstr. 13<\/span><br \/><span style=\"color: #000000;\">90429 N\u00fcrnberg<\/span><br \/><span style=\"color: #000000;\">Deutschland<\/span><\/p><p><span style=\"color: #000000;\">Telefon: +49 151 47374219<\/span><br \/><span style=\"color: #000000;\">E-Mail: <a style=\"color: #000000;\" href=\"mailto:info@isa-reisen.de\">info@isa-reisen.de<\/a><\/span><br \/><span style=\"color: #000000;\">Web: isa-reisen.de<\/span><\/p>\t\t\t\t\t\t\t\t<\/div>\n\t\t\t\t<div class=\"elementor-element elementor-element-49ad6fc elementor-widget elementor-widget-spacer\" data-id=\"49ad6fc\" data-element_type=\"widget\" data-e-type=\"widget\" data-widget_type=\"spacer.default\">\n\t\t\t\t\t\t\t<div class=\"elementor-spacer\">\n\t\t\t<div class=\"elementor-spacer-inner\"><\/div>\n\t\t<\/div>\n\t\t\t\t\t\t<\/div>\n\t\t\t\t<\/div>\n\t\t<div class=\"elementor-element elementor-element-1e7c506 e-con-full e-flex e-con e-child\" data-id=\"1e7c506\" data-element_type=\"container\" data-e-type=\"container\">\n\t\t\t\t<\/div>\n\t\t\t\t\t<\/div>\n\t\t\t\t<\/div>\n\t\t\t\t<\/div>\n\t\t","protected":false},"excerpt":{"rendered":"<p>\u00a0 Allgemeine Gesch\u00e4ftsbedingungen (AGB) \/ Bef\u00f6rderungsbedingungen ISA Reisen 1. Geltungsbereich Diese Allgemeinen Gesch\u00e4ftsbedingungen (AGB) gelten f\u00fcr alle Vertr\u00e4ge \u00fcber Busreisen, Bef\u00f6rderungsleistungen und sonstige Dienstleistungen zwischen ISA Reisen und dem Kunden. Mit der Buchung einer Reise oder Bef\u00f6rderungsleistung erkennt der Kunde diese Bedingungen an. 2. Vertragsabschluss Der Vertrag zwischen dem Kunden und ISA Reisen kommt zustande, [&hellip;]<\/p>\n","protected":false},"author":1,"featured_media":0,"parent":0,"menu_order":0,"comment_status":"closed","ping_status":"closed","template":"page-builder.php","meta":{"_monsterinsights_skip_tracking":false,"_monsterinsights_sitenote_active":false,"_monsterinsights_sitenote_note":"","_monsterinsights_sitenote_category":0,"footnotes":""},"class_list":["post-414","page","type-page","status-publish","hentry"],"aioseo_notices":[],"_links":{"self":[{"href":"https:\/\/isa-reisen.de\/index.php\/wp-json\/wp\/v2\/pages\/414","targetHints":{"allow":["GET"]}}],"collection":[{"href":"https:\/\/isa-reisen.de\/index.php\/wp-json\/wp\/v2\/pages"}],"about":[{"href":"https:\/\/isa-reisen.de\/index.php\/wp-json\/wp\/v2\/types\/page"}],"author":[{"embeddable":true,"href":"https:\/\/isa-reisen.de\/index.php\/wp-json\/wp\/v2\/users\/1"}],"replies":[{"embeddable":true,"href":"https:\/\/isa-reisen.de\/index.php\/wp-json\/wp\/v2\/comments?post=414"}],"version-history":[{"count":4,"href":"https:\/\/isa-reisen.de\/index.php\/wp-json\/wp\/v2\/pages\/414\/revisions"}],"predecessor-version":[{"id":418,"href":"https:\/\/isa-reisen.de\/index.php\/wp-json\/wp\/v2\/pages\/414\/revisions\/418"}],"wp:attachment":[{"href":"https:\/\/isa-reisen.de\/index.php\/wp-json\/wp\/v2\/media?parent=414"}],"curies":[{"name":"wp","href":"https:\/\/api.w.org\/{rel}","templated":true}]}}